{"id":278,"date":"2018-12-12T06:50:34","date_gmt":"2018-12-12T09:50:34","guid":{"rendered":"http:\/\/new.bodymetrix.com.br\/?page_id=278"},"modified":"2019-04-14T19:36:15","modified_gmt":"2019-04-14T22:36:15","slug":"treina_desc","status":"publish","type":"page","link":"https:\/\/bodymetrixpro.com\/es\/treina_desc\/","title":{"rendered":"Capacitaci\u00f3n"},"content":{"rendered":"<p>[et_pb_section fb_built=&#8221;1&#8243; _builder_version=&#8221;3.18.4&#8243; use_background_color_gradient=&#8221;on&#8221; background_color_gradient_start=&#8221;rgba(255,255,255,0.44)&#8221; background_color_gradient_end=&#8221;#ffffff&#8221; background_color_gradient_end_position=&#8221;90%&#8221; background_color_gradient_overlays_image=&#8221;on&#8221; background_image=&#8221;http:\/\/bodymetrixpro.com\/wp-content\/uploads\/2018\/12\/pexels-photo-1061588.jpeg&#8221;][et_pb_row use_custom_width=&#8221;on&#8221; width_unit=&#8221;off&#8221; custom_width_percent=&#8221;100%&#8221; custom_padding_phone=&#8221;|0px||0px&#8221; custom_margin=&#8221;|200px||200px&#8221; custom_padding_last_edited=&#8221;on|desktop&#8221; padding_1_phone=&#8221;|0px||0px&#8221; padding_1_last_edited=&#8221;on|desktop&#8221; _builder_version=&#8221;3.19.5&#8243; module_alignment=&#8221;center&#8221; custom_margin_phone=&#8221;|0px||0px&#8221; custom_margin_last_edited=&#8221;on|desktop&#8221;][et_pb_column type=&#8221;4_4&#8243; _builder_version=&#8221;3.18.4&#8243; padding_phone=&#8221;|0px||0px&#8221; padding_last_edited=&#8221;on|desktop&#8221; parallax=&#8221;off&#8221; parallax_method=&#8221;on&#8221;][et_pb_text _builder_version=&#8221;3.19.8&#8243; text_font=&#8221;||||||||&#8221; text_text_color=&#8221;#000000&#8243; text_font_size=&#8221;20px&#8221; text_line_height=&#8221;1.4em&#8221; header_font=&#8221;||||||||&#8221; header_font_size=&#8221;36px&#8221; header_font_size_phone=&#8221;32px&#8221; header_font_size_last_edited=&#8221;on|desktop&#8221; header_line_height=&#8221;1.8em&#8221; header_2_font=&#8221;||||||||&#8221; header_2_line_height=&#8221;1.8em&#8221; custom_margin=&#8221;30px|60px||60px&#8221; custom_margin_phone=&#8221;|30px||30px&#8221; custom_margin_last_edited=&#8221;on|desktop&#8221;]<\/p>\n<h1><strong>TREINAMENTO\u00a0(N\u00c3O OBRIGAT\u00d3RIO)<\/strong><\/h1>\n<p>Oferecido como <strong>cortesia<\/strong> e <strong>exclusivamente<\/strong> a clientes BodyMetrix Brasil.<br \/> Elaborado para proporcionar melhor desempenho do profissional e utiliza\u00e7\u00e3o m\u00e1xima da tecnologia, o treinamento capacita e certifica os profissionais, al\u00e9m de inclu\u00ed-los no buscador de nosso site em &#8220;Profissionais Certificados&#8221;.<\/p>\n<p>[\/et_pb_text][\/et_pb_column][\/et_pb_row][\/et_pb_section][et_pb_section fb_built=&#8221;1&#8243; _builder_version=&#8221;3.18.4&#8243;][et_pb_row use_custom_width=&#8221;on&#8221; width_unit=&#8221;off&#8221; custom_width_percent=&#8221;100%&#8221; custom_padding=&#8221;|0px||0px&#8221; custom_padding_phone=&#8221;|0px||0px&#8221; custom_margin=&#8221;|200px||200px&#8221; custom_padding_last_edited=&#8221;on|desktop&#8221; _builder_version=&#8221;3.19.5&#8243; module_alignment=&#8221;center&#8221; custom_margin_phone=&#8221;|0px||0px&#8221; custom_margin_last_edited=&#8221;on|phone&#8221;][et_pb_column type=&#8221;4_4&#8243; _builder_version=&#8221;3.18.4&#8243; parallax=&#8221;off&#8221; parallax_method=&#8221;on&#8221;][et_pb_text _builder_version=&#8221;3.19.5&#8243; header_font=&#8221;||||||||&#8221; header_font_size=&#8221;36px&#8221; header_font_size_phone=&#8221;32px&#8221; header_font_size_last_edited=&#8221;on|desktop&#8221; custom_margin=&#8221;|60px||60px&#8221; custom_margin_phone=&#8221;|30px||30px&#8221; custom_margin_last_edited=&#8221;on|desktop&#8221;]<\/p>\n<h1><strong>CERTIFICA\u00c7\u00c3O<\/strong><\/h1>\n<p>&nbsp;<\/p>\n<p>[\/et_pb_text][et_pb_image src=&#8221;http:\/\/bodymetrixpro.com\/wp-content\/uploads\/2019\/01\/Certificado_BodyMetrix-AA-copy.jpg&#8221; align=&#8221;center&#8221; _builder_version=&#8221;3.19.5&#8243; border_width_all=&#8221;1px&#8221; border_color_all=&#8221;#cccccc&#8221; custom_margin_phone=&#8221;|5px||5px&#8221; custom_margin_last_edited=&#8221;on|desktop&#8221;][\/et_pb_image][\/et_pb_column][\/et_pb_row][\/et_pb_section]<\/p>\n","protected":false},"excerpt":{"rendered":"<p>TREINAMENTO\u00a0(N\u00c3O OBRIGAT\u00d3RIO) Oferecido como cortesia e exclusivamente a clientes BodyMetrix Brasil. Elaborado para proporcionar melhor desempenho do profissional e utiliza\u00e7\u00e3o m\u00e1xima da tecnologia, o treinamento capacita e certifica os profissionais, al\u00e9m de inclu\u00ed-los no buscador de nosso site em &#8220;Profissionais Certificados&#8221;.CERTIFICA\u00c7\u00c3O &nbsp;<\/p>","protected":false},"author":1,"featured_media":0,"parent":0,"menu_order":0,"comment_status":"closed","ping_status":"closed","template":"","meta":{"_et_pb_use_builder":"on","_et_pb_old_content":"","_et_gb_content_width":"","footnotes":""},"class_list":["post-278","page","type-page","status-publish","hentry"],"_links":{"self":[{"href":"https:\/\/bodymetrixpro.com\/es\/wp-json\/wp\/v2\/pages\/278","targetHints":{"allow":["GET"]}}],"collection":[{"href":"https:\/\/bodymetrixpro.com\/es\/wp-json\/wp\/v2\/pages"}],"about":[{"href":"https:\/\/bodymetrixpro.com\/es\/wp-json\/wp\/v2\/types\/page"}],"author":[{"embeddable":true,"href":"https:\/\/bodymetrixpro.com\/es\/wp-json\/wp\/v2\/users\/1"}],"replies":[{"embeddable":true,"href":"https:\/\/bodymetrixpro.com\/es\/wp-json\/wp\/v2\/comments?post=278"}],"version-history":[{"count":13,"href":"https:\/\/bodymetrixpro.com\/es\/wp-json\/wp\/v2\/pages\/278\/revisions"}],"predecessor-version":[{"id":1026,"href":"https:\/\/bodymetrixpro.com\/es\/wp-json\/wp\/v2\/pages\/278\/revisions\/1026"}],"wp:attachment":[{"href":"https:\/\/bodymetrixpro.com\/es\/wp-json\/wp\/v2\/media?parent=278"}],"curies":[{"name":"wp","href":"https:\/\/api.w.org\/{rel}","templated":true}]}}