{"id":3007,"date":"2020-09-25T05:05:39","date_gmt":"2020-09-25T08:05:39","guid":{"rendered":"http:\/\/bodymetrix.com.br\/?page_id=3007"},"modified":"2022-07-08T10:00:53","modified_gmt":"2022-07-08T13:00:53","slug":"ficha-tecnica-2","status":"publish","type":"page","link":"https:\/\/bodymetrixpro.com\/es\/ficha-tecnica-2\/","title":{"rendered":"Datos T\u00e9cnicos"},"content":{"rendered":"<p>[et_pb_section fb_built=&#8221;1&#8243; _builder_version=&#8221;4.14.7&#8243; use_background_color_gradient=&#8221;on&#8221; background_color_gradient_start=&#8221;rgba(255,255,255,0.4)&#8221; background_color_gradient_end=&#8221;#ffffff&#8221; background_color_gradient_end_position=&#8221;68%&#8221; background_color_gradient_overlays_image=&#8221;on&#8221; background_image=&#8221;https:\/\/bodymetrixpro.com\/wp-content\/uploads\/2019\/01\/pexels-photo-1005644.jpeg&#8221; global_colors_info=&#8221;{}&#8221;][et_pb_row _builder_version=&#8221;3.25&#8243; global_colors_info=&#8221;{}&#8221;][et_pb_column type=&#8221;4_4&#8243; _builder_version=&#8221;3.25&#8243; custom_padding=&#8221;|||&#8221; global_colors_info=&#8221;{}&#8221; custom_padding__hover=&#8221;|||&#8221;][et_pb_text _builder_version=&#8221;3.27.4&#8243; text_font=&#8221;||||||||&#8221; text_font_size=&#8221;20px&#8221; text_line_height=&#8221;1.5em&#8221; header_font=&#8221;||||||||&#8221; header_font_size=&#8221;36px&#8221; global_colors_info=&#8221;{}&#8221;]<\/p>\n<h1>Ficha T\u00e9cnica<\/h1>\n<p>&nbsp;<\/p>\n<p>Confira todos os aspectos do BodyMetrix\u2122, produto desenvolvido atrav\u00e9s dos mais recentes conceitos de alta tecnologia dispon\u00edveis no mercado mundial e projetado seguindo rigorosos padr\u00f5es de qualidade, sendo aprovado pela Anvisa e pelo Inmetro. Qualidade e seguran\u00e7a ao usu\u00e1rio.<\/p>\n<p>&nbsp;<\/p>\n<p>[\/et_pb_text][\/et_pb_column][\/et_pb_row][et_pb_row column_structure=&#8221;1_2,1_2&#8243; _builder_version=&#8221;3.25&#8243; global_colors_info=&#8221;{}&#8221;][et_pb_column type=&#8221;1_2&#8243; _builder_version=&#8221;3.25&#8243; custom_padding=&#8221;|||&#8221; global_colors_info=&#8221;{}&#8221; custom_padding__hover=&#8221;|||&#8221;][et_pb_image src=&#8221;https:\/\/bodymetrixpro.com\/wp-content\/uploads\/2020\/01\/Selo-Imetro-escuro.png&#8221; title_text=&#8221;Selo-Imetro-escuro&#8221; url=&#8221;http:\/\/bodymetrixpro.com\/download\/certificado-inmetro\/?wpdmdl=562&#038;masterkey=5c3cf8aec3589&#8243; url_new_window=&#8221;on&#8221; align=&#8221;center&#8221; align_tablet=&#8221;center&#8221; align_phone=&#8221;&#8221; align_last_edited=&#8221;on|desktop&#8221; disabled_on=&#8221;off|off|off&#8221; _builder_version=&#8221;4.14.7&#8243; custom_margin=&#8221;||-1px&#8221; global_colors_info=&#8221;{}&#8221;][\/et_pb_image][et_pb_text _builder_version=&#8221;3.27.4&#8243; text_font=&#8221;||||||||&#8221; text_font_size=&#8221;10px&#8221; text_orientation=&#8221;center&#8221; custom_margin=&#8221;0px||0px&#8221; custom_padding=&#8221;0px||0px&#8221; global_colors_info=&#8221;{}&#8221;]<\/p>\n<p>*Clique para visualizar o certificado.<\/p>\n<p>[\/et_pb_text][\/et_pb_column][et_pb_column type=&#8221;1_2&#8243; _builder_version=&#8221;3.25&#8243; custom_padding=&#8221;|||&#8221; global_colors_info=&#8221;{}&#8221; custom_padding__hover=&#8221;|||&#8221;][et_pb_image src=&#8221;https:\/\/bodymetrixpro.com\/wp-content\/uploads\/2019\/01\/selo-anvisa-1.png&#8221; title_text=&#8221;selo-anvisa&#8221; url=&#8221;http:\/\/bodymetrixpro.com\/download\/anvisa\/?wpdmdl=566&#038;masterkey=5c3cfaa7bde83&#8243; url_new_window=&#8221;on&#8221; align=&#8221;center&#8221; align_tablet=&#8221;center&#8221; align_phone=&#8221;&#8221; align_last_edited=&#8221;on|desktop&#8221; _builder_version=&#8221;4.14.7&#8243; custom_margin=&#8221;||-1px&#8221; global_colors_info=&#8221;{}&#8221;][\/et_pb_image][et_pb_text _builder_version=&#8221;3.27.4&#8243; text_font=&#8221;||||||||&#8221; text_font_size=&#8221;10px&#8221; text_orientation=&#8221;center&#8221; custom_margin=&#8221;0px||0px&#8221; custom_padding=&#8221;0px||0px&#8221; global_colors_info=&#8221;{}&#8221;]<\/p>\n<p>*Clique para visualizar o certificado.<\/p>\n<p>[\/et_pb_text][\/et_pb_column][\/et_pb_row][\/et_pb_section][et_pb_section fb_built=&#8221;1&#8243; _builder_version=&#8221;3.22&#8243; custom_margin=&#8221;0px||0px&#8221; custom_padding=&#8221;0px||130px&#8221; global_colors_info=&#8221;{}&#8221;][et_pb_row _builder_version=&#8221;3.25&#8243; custom_margin=&#8221;0px||0px&#8221; custom_padding=&#8221;0px||0px&#8221; global_colors_info=&#8221;{}&#8221;][et_pb_column type=&#8221;4_4&#8243; _builder_version=&#8221;3.25&#8243; custom_padding=&#8221;|||&#8221; global_colors_info=&#8221;{}&#8221; custom_padding__hover=&#8221;|||&#8221;][et_pb_text _builder_version=&#8221;3.27.4&#8243; text_font=&#8221;Times New Roman||||||||&#8221; text_font_size=&#8221;16px&#8221; header_font=&#8221;||||||||&#8221; header_2_font=&#8221;Times New Roman||||||||&#8221; header_2_font_size=&#8221;27px&#8221; max_width=&#8221;86%&#8221; module_alignment=&#8221;center&#8221; custom_margin=&#8221;0px||70px&#8221; global_colors_info=&#8221;{}&#8221;]<\/p>\n<h2>Descri\u00e7\u00f5es T\u00e9cnicas<\/h2>\n<p>O Sistema BodyMetrix\u2122 foi desenvolvido para ser utilizado em adultos e crian\u00e7as, (a partir de 6 anos) e n\u00e3o \u00e9 para o diagn\u00f3stico de doen\u00e7a ou condi\u00e7\u00e3o.\u00a0O uso pretendido do dispositivo BX 2000 \u00e9 de medir a espessura de camadas do tecido quando plugado em uma porta padr\u00e3o do computador (USB). O BX 2000 n\u00e3o deve ser usado para qualquer outro fim a n\u00e3o ser seu uso pretendido. O software BodyView \u00e9 indicado para o c\u00e1lculo do percentual de gordura corporal total estimado, a espessura da camada de gordura localizada, e espessura da camada muscular localizada. O software BodyView \u00e9 indicado para o c\u00e1lculo da raz\u00e3o cintura-quadril (RCQ) e \u00cdndice de Massa Corporal (IMC). O software \u00e9 BodyView \u00e9 indicado para estimar taxa metab\u00f3lica basal (TMB). O software BodyView pode controlar altera\u00e7\u00f5es em medi\u00e7\u00f5es e gerar relat\u00f3rios de composi\u00e7\u00e3o corporal.<\/p>\n<p>Este equipamento pode ser utilizado por: Nutricionistas, Educadores F\u00edsicos, M\u00e9dicos, Fisioterapeutas, Cl\u00ednicas de Est\u00e9tica e Emagrecimento.\u00a0\u00c9 principalmente utilizado para realizar a medida e c\u00e1lculo do \u00edndice de massa corporal e taxa metab\u00f3lica basal<\/p>\n<p>[\/et_pb_text][et_pb_text _builder_version=&#8221;3.27.4&#8243; text_font=&#8221;Times New Roman||||||||&#8221; text_font_size=&#8221;16px&#8221; header_font=&#8221;||||||||&#8221; header_2_font=&#8221;Times New Roman||||||||&#8221; header_2_font_size=&#8221;27px&#8221; max_width=&#8221;86%&#8221; module_alignment=&#8221;center&#8221; custom_margin=&#8221;0px||70px&#8221; global_colors_info=&#8221;{}&#8221;]<\/p>\n<h2>Especifica\u00e7\u00f5es T\u00e9cnicas<\/h2>\n<p>&nbsp;<\/p>\n<ul>\n<li>Dimens\u00f5es: 13cm x 5cm;<\/li>\n<li>Peso: 0,2 Kg\u00a0<\/li>\n<li>Entrada: 5V.c.c &#8211; Alimenta\u00e7\u00e3o proveniente do computador;<\/li>\n<li>Porta: USB;<\/li>\n<li>Freq\u00fc\u00eancia do Ultrassom: 2,5 MHZ;<\/li>\n<li>Comprimento do Cabo: 1,80m;<\/li>\n<li>Consumo: 500 mA;<\/li>\n<\/ul>\n<p>[\/et_pb_text][et_pb_text _builder_version=&#8221;3.27.4&#8243; text_font=&#8221;Times New Roman||||||||&#8221; text_font_size=&#8221;16px&#8221; header_font=&#8221;||||||||&#8221; header_2_font=&#8221;Times New Roman||||||||&#8221; header_2_font_size=&#8221;27px&#8221; max_width=&#8221;86%&#8221; module_alignment=&#8221;center&#8221; custom_margin=&#8221;0px||70px&#8221; global_colors_info=&#8221;{}&#8221;]<\/p>\n<h2>Computador Recomendado<\/h2>\n<p>&nbsp;<\/p>\n<ul>\n<li>Notebook Positivo, modelo Positivo Stilo Xr3500;<\/li>\n<li>Fonte de Alimenta\u00e7\u00e3o Flex Industries, modelo DA-40B19-BAAA Windows XP ou Vista ou Windows 7<\/li>\n<li>1 GB de RAM com 200 MB dispon\u00edveis para BodyView Porta USB<\/li>\n<li>Resolu\u00e7\u00e3o m\u00ednima de tela de 1024 X 768<\/li>\n<li><strong>O computador dever\u00e1 atender as especifica\u00e7\u00f5es da norma IEC 60950-1<\/strong><\/li>\n<\/ul>\n<p>[\/et_pb_text][et_pb_text _builder_version=&#8221;3.27.4&#8243; text_font=&#8221;Times New Roman||||||||&#8221; text_font_size=&#8221;16px&#8221; header_font=&#8221;||||||||&#8221; header_2_font=&#8221;Times New Roman||||||||&#8221; header_2_font_size=&#8221;27px&#8221; max_width=&#8221;86%&#8221; module_alignment=&#8221;center&#8221; custom_margin=&#8221;0px||70px&#8221; global_colors_info=&#8221;{}&#8221;]<\/p>\n<h2>Meio Ambiente<\/h2>\n<p>&nbsp;<\/p>\n<ul>\n<li>Temperatura de Trabalho\uff1a10\u00b0C \u00e0 35\u00b0C;<\/li>\n<li>Umidade relativa do ar: \u2264 80%;<\/li>\n<li>Fonte de energia: 5V.c.c &#8211; Alimenta\u00e7\u00e3o proveniente do computador;<\/li>\n<li>Consumo: 500 mA;<\/li>\n<li>Press\u00e3o atmosf\u00e9rica: 700hPa ~ 1060hPa;<\/li>\n<li>Temperatura de armazenamento\/transporte\uff1a10\u00b0C \u00e0 60\u00b0C;<\/li>\n<\/ul>\n<p>[\/et_pb_text][et_pb_text _builder_version=&#8221;3.27.4&#8243; text_font=&#8221;Times New Roman||||||||&#8221; text_font_size=&#8221;16px&#8221; header_font=&#8221;||||||||&#8221; header_2_font=&#8221;Times New Roman||||||||&#8221; header_2_font_size=&#8221;27px&#8221; max_width=&#8221;86%&#8221; module_alignment=&#8221;center&#8221; custom_margin=&#8221;0px||70px&#8221; global_colors_info=&#8221;{}&#8221;]<\/p>\n<h2>Faixas dos Par\u00e2metros<\/h2>\n<p>A gordura \u00e9 medida em milimetros (mm), a incerteza para essa medida \u00e9 de \u00b1 0,3 mm. Espessura m\u00e1xima medida \u00e9 de 100mm.\u00a0<\/p>\n<p>[\/et_pb_text][\/et_pb_column][\/et_pb_row][\/et_pb_section]<\/p>\n","protected":false},"excerpt":{"rendered":"<p>Ficha T\u00e9cnica &nbsp; Confira todos os aspectos do BodyMetrix\u2122, produto desenvolvido atrav\u00e9s dos mais recentes conceitos de alta tecnologia dispon\u00edveis no mercado mundial e projetado seguindo rigorosos padr\u00f5es de qualidade, sendo aprovado pela Anvisa e pelo Inmetro. Qualidade e seguran\u00e7a ao usu\u00e1rio. &nbsp;*Clique para visualizar o certificado.*Clique para visualizar o certificado.Descri\u00e7\u00f5es T\u00e9cnicas O Sistema BodyMetrix\u2122 [&hellip;]<\/p>\n","protected":false},"author":9,"featured_media":0,"parent":0,"menu_order":0,"comment_status":"closed","ping_status":"closed","template":"","meta":{"_et_pb_use_builder":"on","_et_pb_old_content":"","_et_gb_content_width":"","footnotes":""},"class_list":["post-3007","page","type-page","status-publish","hentry"],"_links":{"self":[{"href":"https:\/\/bodymetrixpro.com\/es\/wp-json\/wp\/v2\/pages\/3007","targetHints":{"allow":["GET"]}}],"collection":[{"href":"https:\/\/bodymetrixpro.com\/es\/wp-json\/wp\/v2\/pages"}],"about":[{"href":"https:\/\/bodymetrixpro.com\/es\/wp-json\/wp\/v2\/types\/page"}],"author":[{"embeddable":true,"href":"https:\/\/bodymetrixpro.com\/es\/wp-json\/wp\/v2\/users\/9"}],"replies":[{"embeddable":true,"href":"https:\/\/bodymetrixpro.com\/es\/wp-json\/wp\/v2\/comments?post=3007"}],"version-history":[{"count":4,"href":"https:\/\/bodymetrixpro.com\/es\/wp-json\/wp\/v2\/pages\/3007\/revisions"}],"predecessor-version":[{"id":4450,"href":"https:\/\/bodymetrixpro.com\/es\/wp-json\/wp\/v2\/pages\/3007\/revisions\/4450"}],"wp:attachment":[{"href":"https:\/\/bodymetrixpro.com\/es\/wp-json\/wp\/v2\/media?parent=3007"}],"curies":[{"name":"wp","href":"https:\/\/api.w.org\/{rel}","templated":true}]}}