{"id":3679,"date":"2021-05-25T15:04:13","date_gmt":"2021-05-25T18:04:13","guid":{"rendered":"https:\/\/bodymetrixpro.com\/?page_id=3679"},"modified":"2021-05-25T16:46:35","modified_gmt":"2021-05-25T19:46:35","slug":"login-al","status":"publish","type":"page","link":"https:\/\/bodymetrixpro.com\/es\/login-al\/","title":{"rendered":"Login AL"},"content":{"rendered":"<p>[et_pb_section fb_built=&#8221;1&#8243; _builder_version=&#8221;4.9.4&#8243; _module_preset=&#8221;default&#8221; custom_padding=&#8221;||172px|||&#8221;][et_pb_row _builder_version=&#8221;4.9.4&#8243; _module_preset=&#8221;default&#8221; custom_padding=&#8221;55px||110px|||&#8221;][et_pb_column type=&#8221;4_4&#8243; _builder_version=&#8221;4.9.4&#8243; _module_preset=&#8221;default&#8221;][et_pb_text _builder_version=&#8221;4.9.4&#8243; _module_preset=&#8221;default&#8221; hover_enabled=&#8221;0&#8243; header_text_align=&#8221;center&#8221; header_font=&#8221;|700|||||||&#8221; header_font_size=&#8221;45px&#8221; sticky_enabled=&#8221;0&#8243; custom_margin=&#8221;||55px|||&#8221;]<\/p>\n<h1 style=\"text-align: center;\">\u00c1rea del cliente<\/h1>\n<div id=\"gtx-anchor\" style=\"position: absolute; visibility: hidden; left: 119.781px; top: 23.9062px; width: 84.0469px; height: 27px;\"><\/div>\n<div class=\"jfk-bubble gtx-bubble\" role=\"alertdialog\" aria-describedby=\"bubble-2\" style=\"visibility: visible; left: 147px; top: 61px; opacity: 1;\">\n<div class=\"jfk-bubble-content-id\" id=\"bubble-2\">\n<div id=\"gtx-host\" style=\"min-width: 200px; max-width: 400px;\"><\/div>\n<\/div>\n<div class=\"jfk-bubble-closebtn-id jfk-bubble-closebtn\" aria-label=\"Close\" role=\"button\" tabindex=\"0\"><\/div>\n<div class=\"jfk-bubble-arrow-id jfk-bubble-arrow jfk-bubble-arrowup\" style=\"left: 150.781px;\">\n<div class=\"jfk-bubble-arrowimplbefore\"><\/div>\n<div class=\"jfk-bubble-arrowimplafter\"><\/div>\n<\/div>\n<\/div>\n<p>[\/et_pb_text][et_pb_text _builder_version=&#8221;4.9.4&#8243; _module_preset=&#8221;default&#8221; hover_enabled=&#8221;0&#8243; text_font_size=&#8221;26px&#8221; text_line_height=&#8221;1.5em&#8221; sticky_enabled=&#8221;0&#8243;]<\/p>\n<p>Si ya tiene una cuenta de BodyMetrix, haga clic para iniciar sesi\u00f3n usando su cuenta. Si a\u00fan no tiene una cuenta, haga clic para registrarse.<\/p>\n<div id=\"gtx-anchor\" style=\"position: absolute; visibility: hidden; left: 87.4531px; top: 35px; width: 44.0156px; height: 19px;\"><\/div>\n<div class=\"jfk-bubble gtx-bubble\" style=\"visibility: visible; left: 94px; top: 64px; opacity: 1;\" role=\"alertdialog\" aria-describedby=\"bubble-2\">\n<div id=\"bubble-2\" class=\"jfk-bubble-content-id\">\n<div id=\"gtx-host\" style=\"min-width: 200px; max-width: 400px;\"><\/div>\n<\/div>\n<div class=\"jfk-bubble-closebtn-id jfk-bubble-closebtn\" role=\"button\" aria-label=\"Close\" tabindex=\"0\"><\/div>\n<div class=\"jfk-bubble-arrow-id jfk-bubble-arrow jfk-bubble-arrowup\" style=\"left: 79.4531px;\">\n<div class=\"jfk-bubble-arrowimplbefore\"><\/div>\n<div class=\"jfk-bubble-arrowimplafter\"><\/div>\n<\/div>\n<\/div>\n<p>[\/et_pb_text][\/et_pb_column][\/et_pb_row][et_pb_row column_structure=&#8221;1_2,1_2&#8243; _builder_version=&#8221;4.9.4&#8243; _module_preset=&#8221;default&#8221;][et_pb_column type=&#8221;1_2&#8243; _builder_version=&#8221;4.9.4&#8243; _module_preset=&#8221;default&#8221;][et_pb_button button_text=&#8221;Iniciar Sesi\u00f3n&#8221; _builder_version=&#8221;4.9.4&#8243; _module_preset=&#8221;default&#8221; hover_enabled=&#8221;0&#8243; button_alignment=&#8221;center&#8221; custom_button=&#8221;on&#8221; button_text_size=&#8221;25px&#8221; button_text_color=&#8221;#ffffff&#8221; button_bg_use_color_gradient=&#8221;on&#8221; button_bg_color_gradient_start=&#8221;#112e6d&#8221; button_bg_color_gradient_end=&#8221;#041d60&#8243; button_border_width=&#8221;6px&#8221; button_border_color=&#8221;#112e6d&#8221; button_border_radius=&#8221;6px&#8221; button_font=&#8221;|600|||||||&#8221; button_icon=&#8221;%%20%%&#8221; sticky_enabled=&#8221;0&#8243; button_url=&#8221;https:\/\/bodymetrixpro.com\/&#8221;][\/et_pb_button][\/et_pb_column][et_pb_column type=&#8221;1_2&#8243; _builder_version=&#8221;4.9.4&#8243; _module_preset=&#8221;default&#8221;][et_pb_button button_text=&#8221;Registrarse&#8221; _builder_version=&#8221;4.9.4&#8243; _module_preset=&#8221;default&#8221; hover_enabled=&#8221;0&#8243; button_alignment=&#8221;center&#8221; custom_button=&#8221;on&#8221; button_text_size=&#8221;25px&#8221; button_text_color=&#8221;#ffffff&#8221; button_bg_use_color_gradient=&#8221;on&#8221; button_bg_color_gradient_start=&#8221;#112e6d&#8221; button_bg_color_gradient_end=&#8221;#041d60&#8243; button_border_width=&#8221;6px&#8221; button_border_color=&#8221;#112e6d&#8221; button_border_radius=&#8221;6px&#8221; button_font=&#8221;|600|||||||&#8221; button_icon=&#8221;%%20%%&#8221; sticky_enabled=&#8221;0&#8243; button_url=&#8221;https:\/\/bodymetrixpro.com\/registro-al\/&#8221;][\/et_pb_button][\/et_pb_column][\/et_pb_row][\/et_pb_section]<\/p>\n","protected":false},"excerpt":{"rendered":"<p>\u00c1rea del cliente Si ya tiene una cuenta de BodyMetrix, haga clic para iniciar sesi\u00f3n usando su cuenta. Si a\u00fan no tiene una cuenta, haga clic para registrarse.<\/p>","protected":false},"author":1,"featured_media":0,"parent":0,"menu_order":0,"comment_status":"closed","ping_status":"closed","template":"","meta":{"_et_pb_use_builder":"on","_et_pb_old_content":"","_et_gb_content_width":"","footnotes":""},"class_list":["post-3679","page","type-page","status-publish","hentry"],"_links":{"self":[{"href":"https:\/\/bodymetrixpro.com\/es\/wp-json\/wp\/v2\/pages\/3679","targetHints":{"allow":["GET"]}}],"collection":[{"href":"https:\/\/bodymetrixpro.com\/es\/wp-json\/wp\/v2\/pages"}],"about":[{"href":"https:\/\/bodymetrixpro.com\/es\/wp-json\/wp\/v2\/types\/page"}],"author":[{"embeddable":true,"href":"https:\/\/bodymetrixpro.com\/es\/wp-json\/wp\/v2\/users\/1"}],"replies":[{"embeddable":true,"href":"https:\/\/bodymetrixpro.com\/es\/wp-json\/wp\/v2\/comments?post=3679"}],"version-history":[{"count":4,"href":"https:\/\/bodymetrixpro.com\/es\/wp-json\/wp\/v2\/pages\/3679\/revisions"}],"predecessor-version":[{"id":3691,"href":"https:\/\/bodymetrixpro.com\/es\/wp-json\/wp\/v2\/pages\/3679\/revisions\/3691"}],"wp:attachment":[{"href":"https:\/\/bodymetrixpro.com\/es\/wp-json\/wp\/v2\/media?parent=3679"}],"curies":[{"name":"wp","href":"https:\/\/api.w.org\/{rel}","templated":true}]}}