{"id":4349,"date":"2020-09-25T04:57:57","date_gmt":"2020-09-25T07:57:57","guid":{"rendered":"http:\/\/bodymetrix.com.br\/?page_id=2990"},"modified":"2022-07-08T09:21:56","modified_gmt":"2022-07-08T12:21:56","slug":"treina_desc-2","status":"publish","type":"page","link":"https:\/\/bodymetrixpro.com\/es\/treina_desc-2\/","title":{"rendered":"Treinamento B"},"content":{"rendered":"<p>[et_pb_section fb_built=&#8221;1&#8243; _builder_version=&#8221;4.14.7&#8243; use_background_color_gradient=&#8221;on&#8221; background_color_gradient_start=&#8221;rgba(255,255,255,0.76)&#8221; background_color_gradient_end=&#8221;#ffffff&#8221; background_color_gradient_end_position=&#8221;90%&#8221; background_color_gradient_overlays_image=&#8221;on&#8221; background_image=&#8221;https:\/\/bodymetrixpro.com\/wp-content\/uploads\/2018\/12\/pexels-photo-1061588.jpeg&#8221; custom_padding=&#8221;||5px|||&#8221; global_colors_info=&#8221;{}&#8221;][et_pb_row custom_padding_last_edited=&#8221;on|desktop&#8221; _builder_version=&#8221;3.25&#8243; width=&#8221;100%&#8221; max_width=&#8221;100%&#8221; module_alignment=&#8221;center&#8221; custom_margin=&#8221;|200px||200px&#8221; custom_margin_tablet=&#8221;&#8221; custom_margin_phone=&#8221;|0px||0px&#8221; custom_margin_last_edited=&#8221;on|desktop&#8221; custom_padding_tablet=&#8221;&#8221; custom_padding_phone=&#8221;|0px||0px&#8221; use_custom_width=&#8221;on&#8221; width_unit=&#8221;off&#8221; custom_width_percent=&#8221;100%&#8221; global_colors_info=&#8221;{}&#8221;][et_pb_column type=&#8221;4_4&#8243; _builder_version=&#8221;3.25&#8243; custom_padding=&#8221;|||&#8221; custom_padding_tablet=&#8221;&#8221; custom_padding_phone=&#8221;|0px||0px&#8221; custom_padding_last_edited=&#8221;on|desktop&#8221; global_colors_info=&#8221;{}&#8221; padding_phone=&#8221;|0px||0px&#8221; padding_last_edited=&#8221;on|desktop&#8221; custom_padding__hover=&#8221;|||&#8221;][et_pb_text disabled_on=&#8221;on|on|on&#8221; _builder_version=&#8221;3.27.4&#8243; text_font=&#8221;||||||||&#8221; text_text_color=&#8221;#000000&#8243; text_font_size=&#8221;20px&#8221; text_line_height=&#8221;1.4em&#8221; header_font=&#8221;||||||||&#8221; header_font_size=&#8221;36px&#8221; header_line_height=&#8221;1.8em&#8221; header_2_font=&#8221;||||||||&#8221; header_2_line_height=&#8221;1.8em&#8221; custom_margin=&#8221;30px|60px||60px&#8221; custom_margin_tablet=&#8221;&#8221; custom_margin_phone=&#8221;|30px||30px&#8221; custom_margin_last_edited=&#8221;on|desktop&#8221; header_font_size_tablet=&#8221;&#8221; header_font_size_phone=&#8221;32px&#8221; header_font_size_last_edited=&#8221;on|desktop&#8221; disabled=&#8221;on&#8221; global_colors_info=&#8221;{}&#8221;]<\/p>\n<h1><strong>TREINAMENTO COM CERTIFICA\u00c7\u00c3O BODYMETRIX BRASIL<\/strong><\/h1>\n<p>Diferencial oferecido exclusivamente a <strong>clientes BodyMetrix Brasil<\/strong>, desenvolvido para proporcionar ao profissional melhor desempenho e utiliza\u00e7\u00e3o m\u00e1xima da tecnologia.<br \/>Al\u00e9m disso, com a certifica\u00e7\u00e3o ap\u00f3s a conclus\u00e3o do Treinamento, o profissional passa a fazer parte de nosso site em <strong>\u201cProfissionais Certificados\u201d<\/strong>.<\/p>\n<p>[\/et_pb_text][et_pb_text _builder_version=&#8221;3.27.4&#8243; text_font=&#8221;||||||||&#8221; text_text_color=&#8221;#000000&#8243; text_font_size=&#8221;20px&#8221; text_line_height=&#8221;1.4em&#8221; header_font=&#8221;||||||||&#8221; header_font_size=&#8221;36px&#8221; header_line_height=&#8221;1.8em&#8221; header_2_font=&#8221;||||||||&#8221; header_2_line_height=&#8221;1.8em&#8221; custom_margin=&#8221;30px|60px||60px&#8221; custom_margin_tablet=&#8221;&#8221; custom_margin_phone=&#8221;|30px||30px&#8221; custom_margin_last_edited=&#8221;on|desktop&#8221; header_font_size_tablet=&#8221;&#8221; header_font_size_phone=&#8221;32px&#8221; header_font_size_last_edited=&#8221;on|desktop&#8221; global_colors_info=&#8221;{}&#8221;]<\/p>\n<h1><strong>Suporte T\u00e9cnico BodyMetrix Brasil<\/strong><\/h1>\n<p>Diferencial oferecido exclusivamente a clientes BodyMetrix Brasil. O Suporte T\u00e9cnico tem o prop\u00f3sito de auxiliar o profissional em todas as etapas de sua evolu\u00e7\u00e3o com a utiliza\u00e7\u00e3o do Ultrassom BodyMetrix.\u00a0 E o melhor: ele est\u00e1 \u00e0 disposi\u00e7\u00e3o por tempo indeterminado e sem limite de acessos!.<\/p>\n<p>[\/et_pb_text][et_pb_text _builder_version=&#8221;3.27.4&#8243; text_font=&#8221;||||||||&#8221; text_text_color=&#8221;#000000&#8243; text_font_size=&#8221;20px&#8221; text_line_height=&#8221;1.4em&#8221; header_font=&#8221;||||||||&#8221; header_font_size=&#8221;36px&#8221; header_line_height=&#8221;1.8em&#8221; header_2_font=&#8221;||||||||&#8221; header_2_line_height=&#8221;1.8em&#8221; custom_margin=&#8221;30px|60px||60px&#8221; custom_margin_tablet=&#8221;&#8221; custom_margin_phone=&#8221;|30px||30px&#8221; custom_margin_last_edited=&#8221;on|desktop&#8221; header_font_size_tablet=&#8221;&#8221; header_font_size_phone=&#8221;32px&#8221; header_font_size_last_edited=&#8221;on|desktop&#8221; global_colors_info=&#8221;{}&#8221;]<\/p>\n<h1><strong>Suporte de Marketing BodyMetrix Brasil<\/strong><\/h1>\n<p>Diferencial oferecido como CORTESIA exclusivamente a <strong>clientes BodyMetrix Brasil<\/strong><\/p>\n<p>A BodyMetrix Brasil disponibiliza, a cada trimestre, uma nova campanha de Marketing Digital para auxiliar o profissional na divulga\u00e7\u00e3o do seu trabalho com a tecnologia. <br \/>Essas campanhas ficam dispon\u00edveis para download na <strong>\u201c\u00c1rea do Cliente\u201d<\/strong>.<\/p>\n<p>[\/et_pb_text][\/et_pb_column][\/et_pb_row][\/et_pb_section][et_pb_section fb_built=&#8221;1&#8243; _builder_version=&#8221;3.22&#8243; global_colors_info=&#8221;{}&#8221;][et_pb_row custom_padding_last_edited=&#8221;on|desktop&#8221; _builder_version=&#8221;3.25&#8243; width=&#8221;100%&#8221; max_width=&#8221;100%&#8221; module_alignment=&#8221;center&#8221; custom_margin=&#8221;|200px||200px&#8221; custom_margin_tablet=&#8221;&#8221; custom_margin_phone=&#8221;|0px||0px&#8221; custom_margin_last_edited=&#8221;on|phone&#8221; custom_padding=&#8221;|0px||0px&#8221; custom_padding_tablet=&#8221;&#8221; custom_padding_phone=&#8221;|0px||0px&#8221; use_custom_width=&#8221;on&#8221; width_unit=&#8221;off&#8221; custom_width_percent=&#8221;100%&#8221; global_colors_info=&#8221;{}&#8221;][et_pb_column type=&#8221;4_4&#8243; _builder_version=&#8221;3.25&#8243; custom_padding=&#8221;|||&#8221; global_colors_info=&#8221;{}&#8221; custom_padding__hover=&#8221;|||&#8221;][et_pb_text _builder_version=&#8221;3.27.4&#8243; header_font=&#8221;||||||||&#8221; header_font_size=&#8221;36px&#8221; custom_margin=&#8221;|60px||60px&#8221; custom_margin_tablet=&#8221;&#8221; custom_margin_phone=&#8221;|30px||30px&#8221; custom_margin_last_edited=&#8221;on|desktop&#8221; header_font_size_tablet=&#8221;&#8221; header_font_size_phone=&#8221;32px&#8221; header_font_size_last_edited=&#8221;on|desktop&#8221; global_colors_info=&#8221;{}&#8221;]<\/p>\n<h1><strong>CERTIFICA\u00c7\u00c3O<\/strong><\/h1>\n<p>&nbsp;<\/p>\n<p>[\/et_pb_text][et_pb_image src=&#8221;https:\/\/bodymetrixpro.com\/wp-content\/uploads\/2022\/07\/Certificado-Modelo.jpeg&#8221; title_text=&#8221;Certificado-Modelo&#8221; align=&#8221;center&#8221; align_tablet=&#8221;center&#8221; align_phone=&#8221;&#8221; align_last_edited=&#8221;on|desktop&#8221; _builder_version=&#8221;4.14.7&#8243; custom_margin_tablet=&#8221;&#8221; custom_margin_phone=&#8221;|5px||5px&#8221; custom_margin_last_edited=&#8221;on|desktop&#8221; border_width_all=&#8221;1px&#8221; border_color_all=&#8221;#cccccc&#8221; global_colors_info=&#8221;{}&#8221;][\/et_pb_image][\/et_pb_column][\/et_pb_row][\/et_pb_section]<\/p>\n","protected":false},"excerpt":{"rendered":"<p>TREINAMENTO COM CERTIFICA\u00c7\u00c3O BODYMETRIX BRASIL Diferencial oferecido exclusivamente a clientes BodyMetrix Brasil, desenvolvido para proporcionar ao profissional melhor desempenho e utiliza\u00e7\u00e3o m\u00e1xima da tecnologia.Al\u00e9m disso, com a certifica\u00e7\u00e3o ap\u00f3s a conclus\u00e3o do Treinamento, o profissional passa a fazer parte de nosso site em \u201cProfissionais Certificados\u201d.Suporte T\u00e9cnico BodyMetrix Brasil Diferencial oferecido exclusivamente a clientes BodyMetrix Brasil. [&hellip;]<\/p>\n","protected":false},"author":9,"featured_media":0,"parent":0,"menu_order":0,"comment_status":"closed","ping_status":"closed","template":"","meta":{"_et_pb_use_builder":"on","_et_pb_old_content":"","_et_gb_content_width":"","footnotes":""},"class_list":["post-4349","page","type-page","status-publish","hentry"],"_links":{"self":[{"href":"https:\/\/bodymetrixpro.com\/es\/wp-json\/wp\/v2\/pages\/4349","targetHints":{"allow":["GET"]}}],"collection":[{"href":"https:\/\/bodymetrixpro.com\/es\/wp-json\/wp\/v2\/pages"}],"about":[{"href":"https:\/\/bodymetrixpro.com\/es\/wp-json\/wp\/v2\/types\/page"}],"author":[{"embeddable":true,"href":"https:\/\/bodymetrixpro.com\/es\/wp-json\/wp\/v2\/users\/9"}],"replies":[{"embeddable":true,"href":"https:\/\/bodymetrixpro.com\/es\/wp-json\/wp\/v2\/comments?post=4349"}],"version-history":[{"count":3,"href":"https:\/\/bodymetrixpro.com\/es\/wp-json\/wp\/v2\/pages\/4349\/revisions"}],"predecessor-version":[{"id":4419,"href":"https:\/\/bodymetrixpro.com\/es\/wp-json\/wp\/v2\/pages\/4349\/revisions\/4419"}],"wp:attachment":[{"href":"https:\/\/bodymetrixpro.com\/es\/wp-json\/wp\/v2\/media?parent=4349"}],"curies":[{"name":"wp","href":"https:\/\/api.w.org\/{rel}","templated":true}]}}