{"id":4350,"date":"2020-09-25T05:03:10","date_gmt":"2020-09-25T08:03:10","guid":{"rendered":"http:\/\/bodymetrix.com.br\/?page_id=2997"},"modified":"2022-07-08T09:53:03","modified_gmt":"2022-07-08T12:53:03","slug":"modelos-de-relatorios-2","status":"publish","type":"page","link":"https:\/\/bodymetrixpro.com\/es\/modelos-de-relatorios-2\/","title":{"rendered":"Plantillas de Informes"},"content":{"rendered":"<p>[et_pb_section fb_built=&#8221;1&#8243; custom_padding_last_edited=&#8221;on|desktop&#8221; _builder_version=&#8221;4.14.7&#8243; use_background_color_gradient=&#8221;on&#8221; background_color_gradient_start=&#8221;rgba(12,2,2,0.75)&#8221; background_color_gradient_end=&#8221;#000000&#8243; background_color_gradient_start_position=&#8221;12%&#8221; background_color_gradient_end_position=&#8221;32%&#8221; background_color_gradient_overlays_image=&#8221;on&#8221; background_image=&#8221;https:\/\/bodymetrixpro.com\/wp-content\/uploads\/2022\/07\/pexels-photo-669615.jpeg&#8221; background_size=&#8221;initial&#8221; background_position=&#8221;top_center&#8221; custom_margin_tablet=&#8221;&#8221; custom_margin_phone=&#8221;||0px&#8221; custom_margin_last_edited=&#8221;on|desktop&#8221; custom_padding=&#8221;||100px|||&#8221; custom_padding_tablet=&#8221;&#8221; custom_padding_phone=&#8221;||0px|&#8221; global_colors_info=&#8221;{}&#8221;][et_pb_row _builder_version=&#8221;3.25&#8243; module_alignment=&#8221;center&#8221; custom_padding=&#8221;20px||60px&#8221; global_colors_info=&#8221;{}&#8221;][et_pb_column type=&#8221;4_4&#8243; _builder_version=&#8221;3.25&#8243; custom_padding=&#8221;|||&#8221; global_colors_info=&#8221;{}&#8221; custom_padding__hover=&#8221;|||&#8221;][et_pb_text _builder_version=&#8221;4.6.5&#8243; text_font=&#8221;||||||||&#8221; text_font_size=&#8221;23px&#8221; text_line_height=&#8221;1.8em&#8221; header_font=&#8221;||||||||&#8221; header_font_size=&#8221;36px&#8221; background_layout=&#8221;dark&#8221; global_colors_info=&#8221;{}&#8221;]<\/p>\n<h1>Relat\u00f3rios<\/h1>\n<p>&nbsp;<\/p>\n<p><span style=\"font-size: 23px;\">Emita relat\u00f3rios das an\u00e1lises realizadas com o BodyMetrix e acompanhe o passo a passo do desenvolvimento do seu paciente\/cliente. Veja alguns exemplos:<\/span><\/p>\n<h3><\/h3>\n<p>[\/et_pb_text][et_pb_video src=&#8221;https:\/\/bodymetrixpro.com\/wp-content\/uploads\/2022\/07\/FINAL-WEB.mp4&#8243; thumbnail_overlay_color=&#8221;rgba(0,0,0,0.6)&#8221; disabled_on=&#8221;on|on|off&#8221; admin_label=&#8221;V\u00eddeo Desktop&#8221; _builder_version=&#8221;4.14.7&#8243; _module_preset=&#8221;default&#8221; module_alignment=&#8221;center&#8221; locked=&#8221;off&#8221; global_colors_info=&#8221;{}&#8221;][\/et_pb_video][et_pb_video src=&#8221;https:\/\/bodymetrixpro.com\/wp-content\/uploads\/2022\/07\/FINAL-STORIES.mp4&#8243; image_src=&#8221;https:\/\/bodymetrixpro.com\/wp-content\/uploads\/2022\/07\/mini-video-cel.png&#8221; thumbnail_overlay_color=&#8221;rgba(0,0,0,0.6)&#8221; disabled_on=&#8221;off|off|on&#8221; admin_label=&#8221;V\u00eddeo Celular&#8221; _builder_version=&#8221;4.14.7&#8243; _module_preset=&#8221;default&#8221; locked=&#8221;off&#8221; global_colors_info=&#8221;{}&#8221;][\/et_pb_video][\/et_pb_column][\/et_pb_row][et_pb_row column_structure=&#8221;1_4,1_4,1_4,1_4&#8243; _builder_version=&#8221;4.6.5&#8243; custom_margin=&#8221;100px|auto|50px|auto|false|false&#8221; locked=&#8221;off&#8221; global_colors_info=&#8221;{}&#8221;][et_pb_column type=&#8221;1_4&#8243; _builder_version=&#8221;3.25&#8243; custom_padding=&#8221;|||&#8221; global_colors_info=&#8221;{}&#8221; custom_padding__hover=&#8221;|||&#8221;][et_pb_image src=&#8221;https:\/\/bodymetrixpro.com\/wp-content\/uploads\/2022\/07\/RELATORIO-PAG-1-3.jpeg&#8221; title_text=&#8221;RELATORIO-PAG-1-3&#8243; show_in_lightbox=&#8221;on&#8221; align_tablet=&#8221;center&#8221; align_phone=&#8221;&#8221; align_last_edited=&#8221;on|desktop&#8221; _builder_version=&#8221;4.14.7&#8243; global_colors_info=&#8221;{}&#8221;][\/et_pb_image][\/et_pb_column][et_pb_column type=&#8221;1_4&#8243; _builder_version=&#8221;3.25&#8243; custom_padding=&#8221;|||&#8221; global_colors_info=&#8221;{}&#8221; custom_padding__hover=&#8221;|||&#8221;][et_pb_image src=&#8221;https:\/\/bodymetrixpro.com\/wp-content\/uploads\/2022\/07\/RELATORIO-PAG-2-2.jpeg&#8221; title_text=&#8221;RELATORIO-PAG-2-2&#8243; show_in_lightbox=&#8221;on&#8221; align_tablet=&#8221;center&#8221; align_phone=&#8221;&#8221; align_last_edited=&#8221;on|desktop&#8221; _builder_version=&#8221;4.14.7&#8243; global_colors_info=&#8221;{}&#8221;][\/et_pb_image][\/et_pb_column][et_pb_column type=&#8221;1_4&#8243; _builder_version=&#8221;3.25&#8243; custom_padding=&#8221;|||&#8221; global_colors_info=&#8221;{}&#8221; custom_padding__hover=&#8221;|||&#8221;][et_pb_image src=&#8221;https:\/\/bodymetrixpro.com\/wp-content\/uploads\/2022\/07\/RELATORIO-SCAN-1.jpeg&#8221; title_text=&#8221;RELATORIO-SCAN-1&#8243; show_in_lightbox=&#8221;on&#8221; align_tablet=&#8221;center&#8221; align_phone=&#8221;&#8221; align_last_edited=&#8221;on|desktop&#8221; _builder_version=&#8221;4.14.7&#8243; global_colors_info=&#8221;{}&#8221;][\/et_pb_image][\/et_pb_column][et_pb_column type=&#8221;1_4&#8243; _builder_version=&#8221;3.25&#8243; custom_padding=&#8221;|||&#8221; global_colors_info=&#8221;{}&#8221; custom_padding__hover=&#8221;|||&#8221;][et_pb_image src=&#8221;https:\/\/bodymetrixpro.com\/wp-content\/uploads\/2022\/07\/RELATORIO-FOTO-1.jpeg&#8221; title_text=&#8221;RELATORIO-FOTO-1&#8243; show_in_lightbox=&#8221;on&#8221; align_tablet=&#8221;center&#8221; align_phone=&#8221;&#8221; align_last_edited=&#8221;on|desktop&#8221; _builder_version=&#8221;4.14.7&#8243; global_colors_info=&#8221;{}&#8221;][\/et_pb_image][\/et_pb_column][\/et_pb_row][et_pb_row _builder_version=&#8221;4.7.7&#8243; _module_preset=&#8221;default&#8221; global_colors_info=&#8221;{}&#8221;][et_pb_column type=&#8221;4_4&#8243; _builder_version=&#8221;4.7.7&#8243; _module_preset=&#8221;default&#8221; global_colors_info=&#8221;{}&#8221;][et_pb_text _builder_version=&#8221;4.6.5&#8243; text_font=&#8221;||||||||&#8221; text_font_size=&#8221;23px&#8221; text_line_height=&#8221;1.8em&#8221; header_font=&#8221;||||||||&#8221; header_font_size=&#8221;28px&#8221; header_6_font_size=&#8221;11px&#8221; header_6_line_height=&#8221;13px&#8221; background_layout=&#8221;dark&#8221; locked=&#8221;off&#8221; global_colors_info=&#8221;{}&#8221;]<\/p>\n<h1>Atualize o seu Software BodyMetrix para ter acesso aos novos relat\u00f3rios. Contate o Suporte.<\/h1>\n<h5>*Dispon\u00edvel para Windows. Em breve, para MacOS.\u00a0<\/h5>\n<p>&nbsp;<\/p>\n<p>[\/et_pb_text][et_pb_text _builder_version=&#8221;4.6.5&#8243; text_font=&#8221;||||||||&#8221; text_font_size=&#8221;23px&#8221; text_line_height=&#8221;1.8em&#8221; header_font=&#8221;||||||||&#8221; header_font_size=&#8221;28px&#8221; header_6_font_size=&#8221;11px&#8221; header_6_line_height=&#8221;13px&#8221; background_layout=&#8221;dark&#8221; locked=&#8221;off&#8221; global_colors_info=&#8221;{}&#8221;]<\/p>\n<h1>O modelo antigo de relat\u00f3rio tamb\u00e9m se encontra dispon\u00edvel para quem quiser utiliz\u00e1-lo. Confira-os abaixo:<\/h1>\n<p>&nbsp;<\/p>\n<p>[\/et_pb_text][\/et_pb_column][\/et_pb_row][et_pb_row column_structure=&#8221;1_5,1_5,1_5,1_5,1_5&#8243; _builder_version=&#8221;3.25&#8243; global_colors_info=&#8221;{}&#8221;][et_pb_column type=&#8221;1_5&#8243; _builder_version=&#8221;3.25&#8243; custom_padding=&#8221;|||&#8221; global_colors_info=&#8221;{}&#8221; custom_padding__hover=&#8221;|||&#8221;][et_pb_image src=&#8221;https:\/\/bodymetrixpro.com\/wp-content\/uploads\/2019\/01\/modelo-de-relatorio-bodymetrix_Page_1.jpg&#8221; title_text=&#8221;modelo-de-relatorio-bodymetrix_Page_1&#8243; url=&#8221;http:\/\/bodymetrixpro.com\/download\/modelo-de-relatorio\/?wpdmdl=780&#038;masterkey=5c3f501fa5728&#8243; align_tablet=&#8221;center&#8221; align_phone=&#8221;&#8221; align_last_edited=&#8221;on|desktop&#8221; _builder_version=&#8221;4.14.7&#8243; global_colors_info=&#8221;{}&#8221;][\/et_pb_image][\/et_pb_column][et_pb_column type=&#8221;1_5&#8243; _builder_version=&#8221;3.25&#8243; custom_padding=&#8221;|||&#8221; global_colors_info=&#8221;{}&#8221; custom_padding__hover=&#8221;|||&#8221;][et_pb_image src=&#8221;https:\/\/bodymetrixpro.com\/wp-content\/uploads\/2019\/01\/modelo-ultrassom-obesidade.jpg&#8221; title_text=&#8221;modelo-ultrassom-obesidade&#8221; url=&#8221;http:\/\/bodymetrixpro.com\/download\/modelo-ultrassom-obesidade\/?wpdmdl=781&#038;masterkey=5c3f507851084&#8243; align_tablet=&#8221;center&#8221; align_phone=&#8221;&#8221; align_last_edited=&#8221;on|desktop&#8221; _builder_version=&#8221;4.14.7&#8243; global_colors_info=&#8221;{}&#8221;][\/et_pb_image][\/et_pb_column][et_pb_column type=&#8221;1_5&#8243; _builder_version=&#8221;3.25&#8243; custom_padding=&#8221;|||&#8221; global_colors_info=&#8221;{}&#8221; custom_padding__hover=&#8221;|||&#8221;][et_pb_image src=&#8221;https:\/\/bodymetrixpro.com\/wp-content\/uploads\/2019\/01\/relatorio-biceps.jpg&#8221; title_text=&#8221;relatorio-biceps&#8221; url=&#8221;http:\/\/bodymetrixpro.com\/download\/relatorio-biceps\/?wpdmdl=782&#038;masterkey=5c3f509570f34&#8243; align_tablet=&#8221;center&#8221; align_phone=&#8221;&#8221; align_last_edited=&#8221;on|desktop&#8221; _builder_version=&#8221;4.14.7&#8243; global_colors_info=&#8221;{}&#8221;][\/et_pb_image][\/et_pb_column][et_pb_column type=&#8221;1_5&#8243; _builder_version=&#8221;3.25&#8243; custom_padding=&#8221;|||&#8221; global_colors_info=&#8221;{}&#8221; custom_padding__hover=&#8221;|||&#8221;][et_pb_image src=&#8221;https:\/\/bodymetrixpro.com\/wp-content\/uploads\/2019\/01\/scanner-coxa.jpg&#8221; title_text=&#8221;scanner-coxa&#8221; url=&#8221;http:\/\/bodymetrixpro.com\/download\/scanner-coxa\/?wpdmdl=783&#038;masterkey=5c3f50bd77ba8&#8243; align_tablet=&#8221;center&#8221; align_phone=&#8221;&#8221; align_last_edited=&#8221;on|desktop&#8221; _builder_version=&#8221;4.14.7&#8243; global_colors_info=&#8221;{}&#8221;][\/et_pb_image][\/et_pb_column][et_pb_column type=&#8221;1_5&#8243; _builder_version=&#8221;3.25&#8243; custom_padding=&#8221;|||&#8221; global_colors_info=&#8221;{}&#8221; custom_padding__hover=&#8221;|||&#8221;][et_pb_image src=&#8221;https:\/\/bodymetrixpro.com\/wp-content\/uploads\/2019\/01\/triceps-e-abdomen-atleta.jpg&#8221; title_text=&#8221;triceps-e-abdomen-atleta&#8221; url=&#8221;http:\/\/bodymetrixpro.com\/download\/triceps-e-abdomen-atleta\/?wpdmdl=784&#038;masterkey=5c3f50dd630f0&#8243; align_tablet=&#8221;center&#8221; align_phone=&#8221;&#8221; align_last_edited=&#8221;on|desktop&#8221; _builder_version=&#8221;4.14.7&#8243; global_colors_info=&#8221;{}&#8221;][\/et_pb_image][\/et_pb_column][\/et_pb_row][\/et_pb_section]<\/p>\n","protected":false},"excerpt":{"rendered":"<p>Relat\u00f3rios &nbsp; Emita relat\u00f3rios das an\u00e1lises realizadas com o BodyMetrix e acompanhe o passo a passo do desenvolvimento do seu paciente\/cliente. Veja alguns exemplos: Atualize o seu Software BodyMetrix para ter acesso aos novos relat\u00f3rios. Contate o Suporte. *Dispon\u00edvel para Windows. Em breve, para MacOS.\u00a0 &nbsp;O modelo antigo de relat\u00f3rio tamb\u00e9m se encontra dispon\u00edvel para [&hellip;]<\/p>\n","protected":false},"author":9,"featured_media":0,"parent":0,"menu_order":0,"comment_status":"closed","ping_status":"closed","template":"","meta":{"_et_pb_use_builder":"on","_et_pb_old_content":"","_et_gb_content_width":"","footnotes":""},"class_list":["post-4350","page","type-page","status-publish","hentry"],"_links":{"self":[{"href":"https:\/\/bodymetrixpro.com\/es\/wp-json\/wp\/v2\/pages\/4350","targetHints":{"allow":["GET"]}}],"collection":[{"href":"https:\/\/bodymetrixpro.com\/es\/wp-json\/wp\/v2\/pages"}],"about":[{"href":"https:\/\/bodymetrixpro.com\/es\/wp-json\/wp\/v2\/types\/page"}],"author":[{"embeddable":true,"href":"https:\/\/bodymetrixpro.com\/es\/wp-json\/wp\/v2\/users\/9"}],"replies":[{"embeddable":true,"href":"https:\/\/bodymetrixpro.com\/es\/wp-json\/wp\/v2\/comments?post=4350"}],"version-history":[{"count":8,"href":"https:\/\/bodymetrixpro.com\/es\/wp-json\/wp\/v2\/pages\/4350\/revisions"}],"predecessor-version":[{"id":4442,"href":"https:\/\/bodymetrixpro.com\/es\/wp-json\/wp\/v2\/pages\/4350\/revisions\/4442"}],"wp:attachment":[{"href":"https:\/\/bodymetrixpro.com\/es\/wp-json\/wp\/v2\/media?parent=4350"}],"curies":[{"name":"wp","href":"https:\/\/api.w.org\/{rel}","templated":true}]}}