{"id":4351,"date":"2020-09-25T05:10:33","date_gmt":"2020-09-25T08:10:33","guid":{"rendered":"http:\/\/bodymetrix.com.br\/?page_id=3018"},"modified":"2022-07-08T10:27:42","modified_gmt":"2022-07-08T13:27:42","slug":"sobre-2","status":"publish","type":"page","link":"https:\/\/bodymetrixpro.com\/es\/sobre-2\/","title":{"rendered":"Sobre nosotros"},"content":{"rendered":"<p>[et_pb_section fb_built=&#8221;1&#8243; _builder_version=&#8221;4.14.7&#8243; background_image=&#8221;https:\/\/bodymetrixpro.com\/wp-content\/uploads\/2018\/12\/pexels-photo-705317.jpeg&#8221; parallax=&#8221;on&#8221; custom_margin=&#8221;0px||0px&#8221; custom_padding=&#8221;100px||100px&#8221; global_colors_info=&#8221;{}&#8221;][et_pb_row column_structure=&#8221;1_2,1_2&#8243; _builder_version=&#8221;3.25&#8243; global_colors_info=&#8221;{}&#8221;][et_pb_column type=&#8221;1_2&#8243; _builder_version=&#8221;3.25&#8243; custom_padding=&#8221;|||&#8221; global_colors_info=&#8221;{}&#8221; custom_padding__hover=&#8221;|||&#8221;][et_pb_text _builder_version=&#8221;3.29.3&#8243; text_font=&#8221;||||||||&#8221; text_font_size=&#8221;17px&#8221; text_line_height=&#8221;1.9em&#8221; header_font=&#8221;||||||||&#8221; header_font_size=&#8221;37px&#8221; header_line_height=&#8221;2em&#8221; background_layout=&#8221;dark&#8221; global_colors_info=&#8221;{}&#8221;]<\/p>\n<h1>BodyMetrix Am\u00e9rica do Sul<\/h1>\n<p>Com foco na inova\u00e7\u00e3o, resultados, agilidade e simplicidade no atendimento, \u00e9 a \u00fanica empresa habilitada a fornecer Garantia, Assist\u00eancia T\u00e9cnica e Treinamento Certificado BodyMetrix Brasil.<\/p>\n<p>[\/et_pb_text][\/et_pb_column][et_pb_column type=&#8221;1_2&#8243; _builder_version=&#8221;3.25&#8243; custom_padding=&#8221;|||&#8221; global_colors_info=&#8221;{}&#8221; custom_padding__hover=&#8221;|||&#8221;][\/et_pb_column][\/et_pb_row][\/et_pb_section][et_pb_section fb_built=&#8221;1&#8243; _builder_version=&#8221;3.22&#8243; custom_padding=&#8221;80px|||||&#8221; global_colors_info=&#8221;{}&#8221;][et_pb_row _builder_version=&#8221;3.25&#8243; global_colors_info=&#8221;{}&#8221;][et_pb_column type=&#8221;4_4&#8243; _builder_version=&#8221;3.25&#8243; custom_padding=&#8221;|||&#8221; global_colors_info=&#8221;{}&#8221; custom_padding__hover=&#8221;|||&#8221;][et_pb_text _builder_version=&#8221;4.14.9&#8243; text_font=&#8221;||||||||&#8221; text_font_size=&#8221;20px&#8221; global_colors_info=&#8221;{}&#8221;]<\/p>\n<p style=\"text-align: left;\">Estamos localizados em Araraquara &#8211; SP, no Edif\u00edcio Empresarial Vict\u00f3ria Business<\/p>\n<p>[\/et_pb_text][et_pb_gallery gallery_ids=&#8221;294,295,296,297&#8243; show_title_and_caption=&#8221;off&#8221; show_pagination=&#8221;off&#8221; hover_icon=&#8221;&#x55;||divi||400&#8243; _builder_version=&#8221;4.14.9&#8243; animation_style=&#8221;fade&#8221; animation_direction=&#8221;top&#8221; custom_css_gallery_item_caption=&#8221;display: none;&#8221; border_radii_image=&#8221;on|8px|8px|8px|8px&#8221; global_colors_info=&#8221;{}&#8221;][\/et_pb_gallery][\/et_pb_column][\/et_pb_row][et_pb_row _builder_version=&#8221;3.25&#8243; custom_padding=&#8221;50px||180px|||&#8221; global_colors_info=&#8221;{}&#8221;][et_pb_column type=&#8221;4_4&#8243; _builder_version=&#8221;3.25&#8243; custom_padding=&#8221;|||&#8221; global_colors_info=&#8221;{}&#8221; custom_padding__hover=&#8221;|||&#8221;][et_pb_text _builder_version=&#8221;4.14.9&#8243; text_font=&#8221;||||||||&#8221; text_font_size=&#8221;20px&#8221; global_colors_info=&#8221;{}&#8221;]<\/p>\n<p style=\"text-align: left;\">E tamb\u00e9m na cidade de Itaja\u00ed &#8211; SC, no edif\u00edcio Centro Empresarial Embraed<\/p>\n<p>[\/et_pb_text][et_pb_gallery gallery_ids=&#8221;4459,4460,4463,4462&#8243; show_title_and_caption=&#8221;off&#8221; show_pagination=&#8221;off&#8221; hover_icon=&#8221;&#x55;||divi||400&#8243; _builder_version=&#8221;4.14.7&#8243; animation_style=&#8221;fade&#8221; animation_direction=&#8221;top&#8221; hover_enabled=&#8221;0&#8243; border_radii_image=&#8221;on|8px|8px|8px|8px&#8221; global_colors_info=&#8221;{}&#8221; sticky_enabled=&#8221;0&#8243;][\/et_pb_gallery][\/et_pb_column][\/et_pb_row][\/et_pb_section]<\/p>\n","protected":false},"excerpt":{"rendered":"<p>BodyMetrix Am\u00e9rica do Sul Com foco na inova\u00e7\u00e3o, resultados, agilidade e simplicidade no atendimento, \u00e9 a \u00fanica empresa habilitada a fornecer Garantia, Assist\u00eancia T\u00e9cnica e Treinamento Certificado BodyMetrix Brasil.Estamos localizados em Araraquara &#8211; SP, no Edif\u00edcio Empresarial Vict\u00f3ria BusinessE tamb\u00e9m na cidade de Itaja\u00ed &#8211; SC, no edif\u00edcio Centro Empresarial Embraed<\/p>","protected":false},"author":9,"featured_media":0,"parent":0,"menu_order":0,"comment_status":"closed","ping_status":"closed","template":"","meta":{"_et_pb_use_builder":"on","_et_pb_old_content":"","_et_gb_content_width":"","footnotes":""},"class_list":["post-4351","page","type-page","status-publish","hentry"],"_links":{"self":[{"href":"https:\/\/bodymetrixpro.com\/es\/wp-json\/wp\/v2\/pages\/4351","targetHints":{"allow":["GET"]}}],"collection":[{"href":"https:\/\/bodymetrixpro.com\/es\/wp-json\/wp\/v2\/pages"}],"about":[{"href":"https:\/\/bodymetrixpro.com\/es\/wp-json\/wp\/v2\/types\/page"}],"author":[{"embeddable":true,"href":"https:\/\/bodymetrixpro.com\/es\/wp-json\/wp\/v2\/users\/9"}],"replies":[{"embeddable":true,"href":"https:\/\/bodymetrixpro.com\/es\/wp-json\/wp\/v2\/comments?post=4351"}],"version-history":[{"count":4,"href":"https:\/\/bodymetrixpro.com\/es\/wp-json\/wp\/v2\/pages\/4351\/revisions"}],"predecessor-version":[{"id":4465,"href":"https:\/\/bodymetrixpro.com\/es\/wp-json\/wp\/v2\/pages\/4351\/revisions\/4465"}],"wp:attachment":[{"href":"https:\/\/bodymetrixpro.com\/es\/wp-json\/wp\/v2\/media?parent=4351"}],"curies":[{"name":"wp","href":"https:\/\/api.w.org\/{rel}","templated":true}]}}